{"id":133,"date":"2014-02-10T16:55:11","date_gmt":"2014-02-10T15:55:11","guid":{"rendered":"http:\/\/poterie.trompesouris.fr\/?page_id=133"},"modified":"2022-01-06T20:19:56","modified_gmt":"2022-01-06T19:19:56","slug":"les-animations-estivales","status":"publish","type":"page","link":"https:\/\/poterie.trompesouris.fr\/?page_id=133","title":{"rendered":"Les animations"},"content":{"rendered":"<p><strong>Projets \u00ab\u00a0terre\u00a0\u00bb en milieu scolaire.<\/strong><br \/>\nJe suis intervenant en c\u00e9ramique sur des projets dans des \u00e9coles,\u00a0notamment\u00a0un projet \u00e0 Bellengreville (14)\u00a0faisant participer tous les \u00e9l\u00e8ves de primaire.<\/p>\n<p>Dragons avec les plus jeunes \u00e9coliers de Bellengreville et \u00ab\u00a0\u00e0 la mani\u00e8re de\u00a0\u00bb\u00a0 Sonia Delaunay et Keith Haring&#8230;<\/p>\n<div id=\"metaslider-id-1221\" style=\"max-width: 800px;\" class=\"ml-slider-3-108-0 metaslider metaslider-nivo metaslider-1221 ml-slider has-dots-nav ms-theme-default\" role=\"region\" aria-label=\"animation\" data-height=\"655\" data-width=\"800\">\n    <div id=\"metaslider_container_1221\">\n        <div class='slider-wrapper theme-default'><div class='ribbon'><\/div><div id='metaslider_1221' class='nivoSlider'><img loading=\"lazy\" decoding=\"async\" src=\"https:\/\/poterie.trompesouris.fr\/wp-content\/uploads\/2017\/08\/IMG_5527-copie-556x455.jpg\" height=\"655\" width=\"800\" title=\"IMG_5527 - copie\" alt=\"\" class=\"slider-1221 slide-1222 msDefaultImage\" \/><img loading=\"lazy\" decoding=\"async\" src=\"https:\/\/poterie.trompesouris.fr\/wp-content\/uploads\/2017\/08\/IMG_5517-copie-692x567.jpg\" height=\"655\" width=\"800\" title=\"IMG_5517 - copie\" alt=\"\" class=\"slider-1221 slide-1223 msDefaultImage\" \/><img loading=\"lazy\" decoding=\"async\" src=\"https:\/\/poterie.trompesouris.fr\/wp-content\/uploads\/2017\/08\/IMG_5517-copie-2-692x567.jpg\" height=\"655\" width=\"800\" title=\"IMG_5517 - copie 2\" alt=\"\" class=\"slider-1221 slide-1224 msDefaultImage\" \/><img loading=\"lazy\" decoding=\"async\" src=\"https:\/\/poterie.trompesouris.fr\/wp-content\/uploads\/2017\/08\/IMG_5516-copie-692x567.jpg\" height=\"655\" width=\"800\" title=\"IMG_5516 - copie\" alt=\"\" class=\"slider-1221 slide-1225 msDefaultImage\" \/><img loading=\"lazy\" decoding=\"async\" src=\"https:\/\/poterie.trompesouris.fr\/wp-content\/uploads\/2015\/01\/DSCN0193-copie-800x655.jpg\" height=\"655\" width=\"800\" title=\"Engobage des carreaux\" alt=\"\" class=\"slider-1221 slide-1226 msDefaultImage\" \/><img loading=\"lazy\" decoding=\"async\" src=\"https:\/\/poterie.trompesouris.fr\/wp-content\/uploads\/2015\/01\/DSCN0331-copie-800x655.jpg\" height=\"655\" width=\"800\" title=\"DSCN0331 - copie\" alt=\"\" class=\"slider-1221 slide-1227 msDefaultImage\" \/><img loading=\"lazy\" decoding=\"async\" src=\"https:\/\/poterie.trompesouris.fr\/wp-content\/uploads\/2015\/01\/DSCN0151-copie-800x655.jpg\" height=\"655\" width=\"800\" title=\"Premiers contacts\" alt=\"\" class=\"slider-1221 slide-1228 msDefaultImage\" \/><\/div><\/div>\n        \n    <\/div>\n<\/div>\n<p>&nbsp;<\/p>\n","protected":false},"excerpt":{"rendered":"<p>Projets \u00ab\u00a0terre\u00a0\u00bb en milieu scolaire. Je suis intervenant en c\u00e9ramique sur des projets dans des \u00e9coles,\u00a0notamment\u00a0un projet \u00e0 Bellengreville (14)\u00a0faisant participer tous les \u00e9l\u00e8ves de primaire. Dragons avec les plus jeunes \u00e9coliers de Bellengreville et \u00ab\u00a0\u00e0 la mani\u00e8re de\u00a0\u00bb\u00a0 Sonia Delaunay et Keith Haring&#8230; &nbsp;<\/p>\n","protected":false},"author":1,"featured_media":0,"parent":0,"menu_order":6,"comment_status":"open","ping_status":"open","template":"","meta":{"footnotes":""},"class_list":["post-133","page","type-page","status-publish","hentry"],"_links":{"self":[{"href":"https:\/\/poterie.trompesouris.fr\/index.php?rest_route=\/wp\/v2\/pages\/133","targetHints":{"allow":["GET"]}}],"collection":[{"href":"https:\/\/poterie.trompesouris.fr\/index.php?rest_route=\/wp\/v2\/pages"}],"about":[{"href":"https:\/\/poterie.trompesouris.fr\/index.php?rest_route=\/wp\/v2\/types\/page"}],"author":[{"embeddable":true,"href":"https:\/\/poterie.trompesouris.fr\/index.php?rest_route=\/wp\/v2\/users\/1"}],"replies":[{"embeddable":true,"href":"https:\/\/poterie.trompesouris.fr\/index.php?rest_route=%2Fwp%2Fv2%2Fcomments&post=133"}],"version-history":[{"count":31,"href":"https:\/\/poterie.trompesouris.fr\/index.php?rest_route=\/wp\/v2\/pages\/133\/revisions"}],"predecessor-version":[{"id":1230,"href":"https:\/\/poterie.trompesouris.fr\/index.php?rest_route=\/wp\/v2\/pages\/133\/revisions\/1230"}],"wp:attachment":[{"href":"https:\/\/poterie.trompesouris.fr\/index.php?rest_route=%2Fwp%2Fv2%2Fmedia&parent=133"}],"curies":[{"name":"wp","href":"https:\/\/api.w.org\/{rel}","templated":true}]}}