{"id":136,"date":"2014-02-10T16:58:37","date_gmt":"2014-02-10T15:58:37","guid":{"rendered":"http:\/\/poterie.trompesouris.fr\/?page_id=136"},"modified":"2025-09-03T21:06:42","modified_gmt":"2025-09-03T20:06:42","slug":"expos-marches-2","status":"publish","type":"page","link":"https:\/\/poterie.trompesouris.fr\/?page_id=136","title":{"rendered":"Expos &#8211; march\u00e9s"},"content":{"rendered":"<h3>Prochains rendez-vous<\/h3>\n<p>&nbsp;<\/p>\n<p>&#8212;&#8212;&#8212;&#8212;&#8212;&#8211;<\/p>\n<p>Toute l&rsquo;ann\u00e9e, la boutique \u00ab\u00a0poterie Trompe-Souris\u00a0\u00bb accueille les visiteurs : il est toujours pr\u00e9f\u00e9rable de t\u00e9l\u00e9phoner avant pour s&rsquo;assurer de la pr\u00e9sence du potier :<br \/>\n02 31 25 05 48 &#8211; 06 50 35 63 27. (Laisser un message sur le r\u00e9pondeur&#8230; !)<\/p>\n<p>&#8212;&#8212;-<\/p>\n<p>La boutique O Val d&rsquo;Art \u00e0 Vassy (commune de Valdalli\u00e8re) regroupe 12 cr\u00e9ateurs.<br \/>\nLa boutique est ouverte du mardi au samedi de 11 h \u00e0 18 h.<\/p>\n<p>&nbsp;<\/p>\n<p>&nbsp;<\/p>\n<p><a href=\"http:\/\/poterie.trompesouris.fr\/wp-content\/uploads\/2022\/09\/20220927_100508-1.jpg\"><img loading=\"lazy\" decoding=\"async\" class=\"alignnone wp-image-1274 size-large\" src=\"http:\/\/poterie.trompesouris.fr\/wp-content\/uploads\/2022\/09\/20220927_100508-1-768x1024.jpg\" alt=\"\" width=\"768\" height=\"1024\" srcset=\"https:\/\/poterie.trompesouris.fr\/wp-content\/uploads\/2022\/09\/20220927_100508-1-768x1024.jpg 768w, https:\/\/poterie.trompesouris.fr\/wp-content\/uploads\/2022\/09\/20220927_100508-1-225x300.jpg 225w, https:\/\/poterie.trompesouris.fr\/wp-content\/uploads\/2022\/09\/20220927_100508-1.jpg 960w\" sizes=\"auto, (max-width: 768px) 100vw, 768px\" \/><\/a><\/p>\n<p>&nbsp;<\/p>\n<p><a href=\"http:\/\/poterie.trompesouris.fr\/wp-content\/uploads\/2022\/09\/O-Val-d-Art3.jpg\"><img loading=\"lazy\" decoding=\"async\" class=\"alignnone wp-image-1275 size-large\" src=\"http:\/\/poterie.trompesouris.fr\/wp-content\/uploads\/2022\/09\/O-Val-d-Art3-725x1024.jpg\" alt=\"\" width=\"725\" height=\"1024\" srcset=\"https:\/\/poterie.trompesouris.fr\/wp-content\/uploads\/2022\/09\/O-Val-d-Art3-725x1024.jpg 725w, https:\/\/poterie.trompesouris.fr\/wp-content\/uploads\/2022\/09\/O-Val-d-Art3-212x300.jpg 212w, https:\/\/poterie.trompesouris.fr\/wp-content\/uploads\/2022\/09\/O-Val-d-Art3-768x1085.jpg 768w, https:\/\/poterie.trompesouris.fr\/wp-content\/uploads\/2022\/09\/O-Val-d-Art3.jpg 794w\" sizes=\"auto, (max-width: 725px) 100vw, 725px\" \/><\/a><\/p>\n<p>&nbsp;<\/p>\n<p>&nbsp;<\/p>\n<p>&nbsp;<\/p>\n","protected":false},"excerpt":{"rendered":"<p>Prochains rendez-vous &nbsp; &#8212;&#8212;&#8212;&#8212;&#8212;&#8211; Toute l&rsquo;ann\u00e9e, la boutique \u00ab\u00a0poterie Trompe-Souris\u00a0\u00bb accueille les visiteurs : il est toujours pr\u00e9f\u00e9rable de t\u00e9l\u00e9phoner avant pour s&rsquo;assurer de la pr\u00e9sence du potier : 02 31 25 05 48 &#8211; 06 50 35 63 27. (Laisser un message sur le r\u00e9pondeur&#8230; !) &#8212;&#8212;- La boutique O Val d&rsquo;Art \u00e0 Vassy (commune de Valdalli\u00e8re) regroupe 12 cr\u00e9ateurs. La boutique est ouverte du mardi au samedi de 11 h \u00e0 18 h. &nbsp; &nbsp; &nbsp; &nbsp; &nbsp;<\/p>\n","protected":false},"author":1,"featured_media":0,"parent":0,"menu_order":3,"comment_status":"open","ping_status":"open","template":"","meta":{"footnotes":""},"class_list":["post-136","page","type-page","status-publish","hentry"],"_links":{"self":[{"href":"https:\/\/poterie.trompesouris.fr\/index.php?rest_route=\/wp\/v2\/pages\/136","targetHints":{"allow":["GET"]}}],"collection":[{"href":"https:\/\/poterie.trompesouris.fr\/index.php?rest_route=\/wp\/v2\/pages"}],"about":[{"href":"https:\/\/poterie.trompesouris.fr\/index.php?rest_route=\/wp\/v2\/types\/page"}],"author":[{"embeddable":true,"href":"https:\/\/poterie.trompesouris.fr\/index.php?rest_route=\/wp\/v2\/users\/1"}],"replies":[{"embeddable":true,"href":"https:\/\/poterie.trompesouris.fr\/index.php?rest_route=%2Fwp%2Fv2%2Fcomments&post=136"}],"version-history":[{"count":146,"href":"https:\/\/poterie.trompesouris.fr\/index.php?rest_route=\/wp\/v2\/pages\/136\/revisions"}],"predecessor-version":[{"id":1372,"href":"https:\/\/poterie.trompesouris.fr\/index.php?rest_route=\/wp\/v2\/pages\/136\/revisions\/1372"}],"wp:attachment":[{"href":"https:\/\/poterie.trompesouris.fr\/index.php?rest_route=%2Fwp%2Fv2%2Fmedia&parent=136"}],"curies":[{"name":"wp","href":"https:\/\/api.w.org\/{rel}","templated":true}]}}