{"id":138,"date":"2014-02-10T16:58:58","date_gmt":"2014-02-10T15:58:58","guid":{"rendered":"http:\/\/poterie.trompesouris.fr\/?page_id=138"},"modified":"2023-09-10T11:10:27","modified_gmt":"2023-09-10T10:10:27","slug":"les-pots-2","status":"publish","type":"page","link":"https:\/\/poterie.trompesouris.fr\/?page_id=138","title":{"rendered":"Les pots et autres productions"},"content":{"rendered":"<div style=\"text-align: center;\">\n<div>\n<p><strong>Bo\u00eetes animaux<br \/>\n<\/strong><div id=\"metaslider-id-1108\" style=\"max-width: 787px;\" class=\"ml-slider-3-107-0 metaslider metaslider-nivo metaslider-1108 ml-slider has-dots-nav ms-theme-default\" role=\"region\" aria-label=\"boites animaux\" data-height=\"655\" data-width=\"787\">\n    <div id=\"metaslider_container_1108\">\n        <div class='slider-wrapper theme-default'><div class='ribbon'><\/div><div id='metaslider_1108' class='nivoSlider'><img loading=\"lazy\" decoding=\"async\" src=\"https:\/\/poterie.trompesouris.fr\/wp-content\/uploads\/2020\/12\/B.souris-787x655.jpg\" height=\"655\" width=\"787\" title=\"B.souris\" alt=\"\" class=\"slider-1108 slide-1109 msDefaultImage\" \/><img loading=\"lazy\" decoding=\"async\" src=\"https:\/\/poterie.trompesouris.fr\/wp-content\/uploads\/2020\/12\/B.renard-787x655.jpg\" height=\"655\" width=\"787\" title=\"B.renard\" alt=\"\" class=\"slider-1108 slide-1110 msDefaultImage\" \/><img loading=\"lazy\" decoding=\"async\" src=\"https:\/\/poterie.trompesouris.fr\/wp-content\/uploads\/2020\/12\/B.poule_-787x655.jpg\" height=\"655\" width=\"787\" title=\"B.poule\" alt=\"\" class=\"slider-1108 slide-1111 msDefaultImage\" \/><img loading=\"lazy\" decoding=\"async\" src=\"https:\/\/poterie.trompesouris.fr\/wp-content\/uploads\/2020\/12\/B.lapin_-787x655.jpg\" height=\"655\" width=\"787\" title=\"B.lapin\" alt=\"\" class=\"slider-1108 slide-1112 msDefaultImage\" \/><img loading=\"lazy\" decoding=\"async\" src=\"https:\/\/poterie.trompesouris.fr\/wp-content\/uploads\/2020\/12\/B.he\u0301risson-787x655.jpg\" height=\"655\" width=\"787\" title=\"B.he\u0301risson\" alt=\"\" class=\"slider-1108 slide-1113 msDefaultImage\" \/><img loading=\"lazy\" decoding=\"async\" src=\"https:\/\/poterie.trompesouris.fr\/wp-content\/uploads\/2020\/12\/B.grenouille-787x655.jpg\" height=\"655\" width=\"787\" title=\"B.grenouille\" alt=\"\" class=\"slider-1108 slide-1114 msDefaultImage\" \/><img loading=\"lazy\" decoding=\"async\" src=\"https:\/\/poterie.trompesouris.fr\/wp-content\/uploads\/2020\/12\/B.escargot-787x655.jpg\" height=\"655\" width=\"787\" title=\"B.escargot\" alt=\"\" class=\"slider-1108 slide-1115 msDefaultImage\" \/><img loading=\"lazy\" decoding=\"async\" src=\"https:\/\/poterie.trompesouris.fr\/wp-content\/uploads\/2020\/12\/B.e\u0301cureuil-787x655.jpg\" height=\"655\" width=\"787\" title=\"B.e\u0301cureuil\" alt=\"\" class=\"slider-1108 slide-1116 msDefaultImage\" \/><img loading=\"lazy\" decoding=\"async\" src=\"https:\/\/poterie.trompesouris.fr\/wp-content\/uploads\/2020\/12\/B.chat_-787x655.jpg\" height=\"655\" width=\"787\" title=\"B.chat\" alt=\"\" class=\"slider-1108 slide-1117 msDefaultImage\" \/><img loading=\"lazy\" decoding=\"async\" src=\"https:\/\/poterie.trompesouris.fr\/wp-content\/uploads\/2020\/12\/B.a\u0302ne-787x655.jpg\" height=\"655\" width=\"787\" title=\"B.a\u0302ne\" alt=\"\" class=\"slider-1108 slide-1118 msDefaultImage\" \/><\/div><\/div>\n        \n    <\/div>\n<\/div><strong><br \/>\n<\/strong><\/p>\n<\/div>\n<div><strong>Th\u00e9i\u00e8res<\/strong><\/div>\n<\/div>\n<div style=\"text-align: center;\"><div id=\"metaslider-id-1120\" style=\"max-width: 787px;\" class=\"ml-slider-3-107-0 metaslider metaslider-nivo metaslider-1120 ml-slider has-dots-nav ms-theme-default\" role=\"region\" aria-label=\"th\u00e9i\u00e8res\" data-height=\"655\" data-width=\"787\">\n    <div id=\"metaslider_container_1120\">\n        <div class='slider-wrapper theme-default'><div class='ribbon'><\/div><div id='metaslider_1120' class='nivoSlider'><img loading=\"lazy\" decoding=\"async\" src=\"https:\/\/poterie.trompesouris.fr\/wp-content\/uploads\/2017\/08\/IMG_0033-668x555.jpg\" height=\"655\" width=\"787\" title=\"IMG_0033\" alt=\"\" class=\"slider-1120 slide-1121 msDefaultImage\" \/><img loading=\"lazy\" decoding=\"async\" src=\"https:\/\/poterie.trompesouris.fr\/wp-content\/uploads\/2017\/08\/IMG_0032-787x655.jpg\" height=\"655\" width=\"787\" title=\"IMG_0032\" alt=\"\" class=\"slider-1120 slide-1122 msDefaultImage\" \/><img loading=\"lazy\" decoding=\"async\" src=\"https:\/\/poterie.trompesouris.fr\/wp-content\/uploads\/2017\/08\/IMG_0031-787x655.jpg\" height=\"655\" width=\"787\" title=\"IMG_0031\" alt=\"\" class=\"slider-1120 slide-1123 msDefaultImage\" \/><img loading=\"lazy\" decoding=\"async\" src=\"https:\/\/poterie.trompesouris.fr\/wp-content\/uploads\/2017\/08\/IMG_0029-787x655.jpg\" height=\"655\" width=\"787\" title=\"IMG_0029\" alt=\"\" class=\"slider-1120 slide-1124 msDefaultImage\" \/><img loading=\"lazy\" decoding=\"async\" src=\"https:\/\/poterie.trompesouris.fr\/wp-content\/uploads\/2017\/08\/IMG_0028-787x655.jpg\" height=\"655\" width=\"787\" title=\"IMG_0028\" alt=\"\" class=\"slider-1120 slide-1125 msDefaultImage\" \/><\/div><\/div>\n        \n    <\/div>\n<\/div><\/div>\n<div><\/div>\n<div style=\"text-align: center;\">\n<div><strong>Pichets<\/strong><\/div>\n<\/div>\n<div style=\"text-align: center;\">\n<div><div id=\"metaslider-id-1127\" style=\"max-width: 655px;\" class=\"ml-slider-3-107-0 metaslider metaslider-nivo metaslider-1127 ml-slider has-dots-nav ms-theme-default\" role=\"region\" aria-label=\"pichets\" data-height=\"787\" data-width=\"655\">\n    <div id=\"metaslider_container_1127\">\n        <div class='slider-wrapper theme-default'><div class='ribbon'><\/div><div id='metaslider_1127' class='nivoSlider'><img loading=\"lazy\" decoding=\"async\" src=\"https:\/\/poterie.trompesouris.fr\/wp-content\/uploads\/2017\/08\/IMG_0049-655x787.jpg\" height=\"787\" width=\"655\" title=\"IMG_0049\" alt=\"\" class=\"slider-1127 slide-1128 msDefaultImage\" \/><img loading=\"lazy\" decoding=\"async\" src=\"https:\/\/poterie.trompesouris.fr\/wp-content\/uploads\/2017\/08\/IMG_0048-655x787.jpg\" height=\"787\" width=\"655\" title=\"IMG_0048\" alt=\"\" class=\"slider-1127 slide-1129 msDefaultImage\" \/><img loading=\"lazy\" decoding=\"async\" src=\"https:\/\/poterie.trompesouris.fr\/wp-content\/uploads\/2017\/08\/IMG_0047-655x787.jpg\" height=\"787\" width=\"655\" title=\"IMG_0047\" alt=\"\" class=\"slider-1127 slide-1130 msDefaultImage\" \/><img loading=\"lazy\" decoding=\"async\" src=\"https:\/\/poterie.trompesouris.fr\/wp-content\/uploads\/2017\/08\/IMG_0039-655x787.jpg\" height=\"787\" width=\"655\" title=\"IMG_0039\" alt=\"\" class=\"slider-1127 slide-1134 msDefaultImage\" \/><img loading=\"lazy\" decoding=\"async\" src=\"https:\/\/poterie.trompesouris.fr\/wp-content\/uploads\/2017\/08\/IMG_0038-655x787.jpg\" height=\"787\" width=\"655\" title=\"IMG_0038\" alt=\"\" class=\"slider-1127 slide-1135 msDefaultImage\" \/><img loading=\"lazy\" decoding=\"async\" src=\"https:\/\/poterie.trompesouris.fr\/wp-content\/uploads\/2017\/08\/IMG_0037-655x787.jpg\" height=\"787\" width=\"655\" title=\"IMG_0037\" alt=\"\" class=\"slider-1127 slide-1136 msDefaultImage\" \/><img loading=\"lazy\" decoding=\"async\" src=\"https:\/\/poterie.trompesouris.fr\/wp-content\/uploads\/2017\/08\/IMG_0036-655x787.jpg\" height=\"787\" width=\"655\" title=\"IMG_0036\" alt=\"\" class=\"slider-1127 slide-1137 msDefaultImage\" \/><\/div><\/div>\n        \n    <\/div>\n<\/div><\/div>\n<div><\/div>\n<div><strong>Plats \u00e0 four<\/strong><\/div>\n<div><div id=\"metaslider-id-1139\" style=\"max-width: 787px;\" class=\"ml-slider-3-107-0 metaslider metaslider-nivo metaslider-1139 ml-slider has-dots-nav ms-theme-default\" role=\"region\" aria-label=\"plats \u00e0 four\" data-height=\"655\" data-width=\"787\">\n    <div id=\"metaslider_container_1139\">\n        <div class='slider-wrapper theme-default'><div class='ribbon'><\/div><div id='metaslider_1139' class='nivoSlider'><img loading=\"lazy\" decoding=\"async\" src=\"https:\/\/poterie.trompesouris.fr\/wp-content\/uploads\/2017\/08\/IMG_9733-787x655.jpg\" height=\"655\" width=\"787\" title=\"IMG_9733\" alt=\"\" class=\"slider-1139 slide-1140 msDefaultImage\" \/><img loading=\"lazy\" decoding=\"async\" src=\"https:\/\/poterie.trompesouris.fr\/wp-content\/uploads\/2017\/08\/IMG_9731-787x655.jpg\" height=\"655\" width=\"787\" title=\"IMG_9731\" alt=\"\" class=\"slider-1139 slide-1141 msDefaultImage\" \/><img loading=\"lazy\" decoding=\"async\" src=\"https:\/\/poterie.trompesouris.fr\/wp-content\/uploads\/2017\/08\/IMG_9728-787x655.jpg\" height=\"655\" width=\"787\" title=\"IMG_9728\" alt=\"\" class=\"slider-1139 slide-1142 msDefaultImage\" \/><img loading=\"lazy\" decoding=\"async\" src=\"https:\/\/poterie.trompesouris.fr\/wp-content\/uploads\/2017\/08\/IMG_9727-787x655.jpg\" height=\"655\" width=\"787\" title=\"IMG_9727\" alt=\"\" class=\"slider-1139 slide-1143 msDefaultImage\" \/><img loading=\"lazy\" decoding=\"async\" src=\"https:\/\/poterie.trompesouris.fr\/wp-content\/uploads\/2017\/08\/IMG_9726-787x655.jpg\" height=\"655\" width=\"787\" title=\"IMG_9726\" alt=\"\" class=\"slider-1139 slide-1144 msDefaultImage\" \/><img loading=\"lazy\" decoding=\"async\" src=\"https:\/\/poterie.trompesouris.fr\/wp-content\/uploads\/2017\/08\/IMG_9725-787x655.jpg\" height=\"655\" width=\"787\" title=\"IMG_9725\" alt=\"\" class=\"slider-1139 slide-1145 msDefaultImage\" \/><img loading=\"lazy\" decoding=\"async\" src=\"https:\/\/poterie.trompesouris.fr\/wp-content\/uploads\/2017\/08\/IMG_9723-787x655.jpg\" height=\"655\" width=\"787\" title=\"IMG_9723\" alt=\"\" class=\"slider-1139 slide-1146 msDefaultImage\" \/><img loading=\"lazy\" decoding=\"async\" src=\"https:\/\/poterie.trompesouris.fr\/wp-content\/uploads\/2017\/08\/IMG_9720-787x655.jpg\" height=\"655\" width=\"787\" title=\"IMG_9720\" alt=\"\" class=\"slider-1139 slide-1147 msDefaultImage\" \/><img loading=\"lazy\" decoding=\"async\" src=\"https:\/\/poterie.trompesouris.fr\/wp-content\/uploads\/2017\/08\/IMG_9718-787x655.jpg\" height=\"655\" width=\"787\" title=\"IMG_9718\" alt=\"\" class=\"slider-1139 slide-1148 msDefaultImage\" \/><\/div><\/div>\n        \n    <\/div>\n<\/div><\/div>\n<div><\/div>\n<div><strong>Et puis aussi&#8230;\u00a0<\/strong><\/div>\n<div><div id=\"metaslider-id-1150\" style=\"max-width: 787px;\" class=\"ml-slider-3-107-0 metaslider metaslider-nivo metaslider-1150 ml-slider has-dots-nav ms-theme-default\" role=\"region\" aria-label=\"et puis aussi\" data-height=\"655\" data-width=\"787\">\n    <div id=\"metaslider_container_1150\">\n        <div class='slider-wrapper theme-default'><div class='ribbon'><\/div><div id='metaslider_1150' class='nivoSlider'><img loading=\"lazy\" decoding=\"async\" src=\"https:\/\/poterie.trompesouris.fr\/wp-content\/uploads\/2017\/08\/coupe-787x655.jpg\" height=\"655\" width=\"787\" title=\"coupe\" alt=\"\" class=\"slider-1150 slide-1153 msDefaultImage\" \/><img loading=\"lazy\" decoding=\"async\" src=\"https:\/\/poterie.trompesouris.fr\/wp-content\/uploads\/2017\/08\/boite-ronde-bleu-gris-le-crocodile-787x655.jpg\" height=\"655\" width=\"787\" title=\"boite ronde bleu-gris le crocodile\" alt=\"\" class=\"slider-1150 slide-1154 msDefaultImage\" \/><img loading=\"lazy\" decoding=\"async\" src=\"https:\/\/poterie.trompesouris.fr\/wp-content\/uploads\/2017\/08\/3-bols-787x655.jpg\" height=\"655\" width=\"787\" title=\"3 bols\" alt=\"\" class=\"slider-1150 slide-1155 msDefaultImage\" \/><img loading=\"lazy\" decoding=\"async\" src=\"https:\/\/poterie.trompesouris.fr\/wp-content\/uploads\/2017\/08\/IMG_0046-787x655.jpg\" height=\"655\" width=\"787\" title=\"IMG_0046\" alt=\"\" class=\"slider-1150 slide-1156 msDefaultImage\" \/><img loading=\"lazy\" decoding=\"async\" src=\"https:\/\/poterie.trompesouris.fr\/wp-content\/uploads\/2014\/02\/IMG_1914-787x655.jpg\" height=\"655\" width=\"787\" title=\"citrouille\" alt=\"\" class=\"slider-1150 slide-1158 msDefaultImage\" \/><img loading=\"lazy\" decoding=\"async\" src=\"https:\/\/poterie.trompesouris.fr\/wp-content\/uploads\/2014\/02\/1-vinaigrier--600x499.jpeg\" height=\"655\" width=\"787\" title=\"1 vinaigrier\" alt=\"\" class=\"slider-1150 slide-1159 msDefaultImage\" \/><img loading=\"lazy\" decoding=\"async\" src=\"https:\/\/poterie.trompesouris.fr\/wp-content\/uploads\/2014\/02\/2-mangeoire-oiseau--600x499.jpeg\" height=\"655\" width=\"787\" title=\"2 mangeoire oiseau\" alt=\"\" class=\"slider-1150 slide-1160 msDefaultImage\" \/><img loading=\"lazy\" decoding=\"async\" src=\"https:\/\/poterie.trompesouris.fr\/wp-content\/uploads\/2014\/02\/1-teurgoule-720x600.jpeg\" height=\"655\" width=\"787\" title=\"1 teurgoule\" alt=\"\" class=\"slider-1150 slide-1163 msDefaultImage\" \/><img loading=\"lazy\" decoding=\"async\" src=\"https:\/\/poterie.trompesouris.fr\/wp-content\/uploads\/2014\/02\/1-gobelets-720x600.jpeg\" height=\"655\" width=\"787\" title=\"1 gobelets\" alt=\"\" class=\"slider-1150 slide-1165 msDefaultImage\" \/><img loading=\"lazy\" decoding=\"async\" src=\"https:\/\/poterie.trompesouris.fr\/wp-content\/uploads\/2022\/01\/boite-3-787x655.jpg\" height=\"655\" width=\"787\" title=\"boite 3\" alt=\"\" class=\"slider-1150 slide-1204 msDefaultImage\" \/><img loading=\"lazy\" decoding=\"async\" src=\"https:\/\/poterie.trompesouris.fr\/wp-content\/uploads\/2022\/01\/boite-5-787x655.jpg\" height=\"655\" width=\"787\" title=\"boite 5\" alt=\"\" class=\"slider-1150 slide-1206 msDefaultImage\" \/><img loading=\"lazy\" decoding=\"async\" src=\"https:\/\/poterie.trompesouris.fr\/wp-content\/uploads\/2022\/01\/bol-grave\u0301-787x655.jpg\" height=\"655\" width=\"787\" title=\"bol grave\u0301\" alt=\"\" class=\"slider-1150 slide-1207 msDefaultImage\" \/><\/div><\/div>\n        \n    <\/div>\n<\/div><\/div>\n<div style=\"text-align: center;\"><\/div>\n<\/div>\n<div style=\"text-align: center;\">\n<div style=\"margin: 8px 0px 4px;\"><strong>Les pots, version animaux&#8230;<\/strong><\/div>\n<div style=\"margin: 8px 0px 4px;\"><div id=\"metaslider-id-1168\" style=\"max-width: 787px;\" class=\"ml-slider-3-107-0 metaslider metaslider-nivo metaslider-1168 ml-slider has-dots-nav ms-theme-default\" role=\"region\" aria-label=\"les pots version animaux\" data-height=\"655\" data-width=\"787\">\n    <div id=\"metaslider_container_1168\">\n        <div class='slider-wrapper theme-default'><div class='ribbon'><\/div><div id='metaslider_1168' class='nivoSlider'><img loading=\"lazy\" decoding=\"async\" src=\"https:\/\/poterie.trompesouris.fr\/wp-content\/uploads\/2017\/08\/IMG_0045-787x655.jpg\" height=\"655\" width=\"787\" title=\"IMG_0045\" alt=\"\" class=\"slider-1168 slide-1169 msDefaultImage\" \/><img loading=\"lazy\" decoding=\"async\" src=\"https:\/\/poterie.trompesouris.fr\/wp-content\/uploads\/2017\/08\/IMG_0040-787x655.jpg\" height=\"655\" width=\"787\" title=\"IMG_0040\" alt=\"\" class=\"slider-1168 slide-1170 msDefaultImage\" \/><img loading=\"lazy\" decoding=\"async\" src=\"https:\/\/poterie.trompesouris.fr\/wp-content\/uploads\/2016\/11\/canard-2-787x655.jpg\" height=\"655\" width=\"787\" title=\"canard-2\" alt=\"\" class=\"slider-1168 slide-1171 msDefaultImage\" \/><img loading=\"lazy\" decoding=\"async\" src=\"https:\/\/poterie.trompesouris.fr\/wp-content\/uploads\/2016\/11\/canard-1-787x655.jpg\" height=\"655\" width=\"787\" title=\"canard-1\" alt=\"\" class=\"slider-1168 slide-1172 msDefaultImage\" \/><img loading=\"lazy\" decoding=\"async\" src=\"https:\/\/poterie.trompesouris.fr\/wp-content\/uploads\/2014\/02\/pichet-bestiole1-709x590.jpg\" height=\"655\" width=\"787\" title=\"pichet bestiole1\" alt=\"\" class=\"slider-1168 slide-1173 msDefaultImage\" \/><img loading=\"lazy\" decoding=\"async\" src=\"https:\/\/poterie.trompesouris.fr\/wp-content\/uploads\/2014\/01\/IMG_0847-e1388598078641-787x655.jpg\" height=\"655\" width=\"787\" title=\"IMG_0847\" alt=\"\" class=\"slider-1168 slide-1175 msDefaultImage\" \/><img loading=\"lazy\" decoding=\"async\" src=\"https:\/\/poterie.trompesouris.fr\/wp-content\/uploads\/2023\/09\/crapaud-poterie-2-720x599.jpg\" height=\"655\" width=\"787\" title=\"crapaud poterie 2\" alt=\"\" class=\"slider-1168 slide-1316 msDefaultImage\" \/><img loading=\"lazy\" decoding=\"async\" src=\"https:\/\/poterie.trompesouris.fr\/wp-content\/uploads\/2023\/09\/crapaud-poterie-1-720x599.jpg\" height=\"655\" width=\"787\" title=\"crapaud poterie 1\" alt=\"\" class=\"slider-1168 slide-1317 msDefaultImage\" \/><\/div><\/div>\n        \n    <\/div>\n<\/div><\/div>\n<p>&nbsp;<\/p>\n<\/div>\n","protected":false},"excerpt":{"rendered":"<p>Bo\u00eetes animaux Th\u00e9i\u00e8res Pichets Plats \u00e0 four Et puis aussi&#8230;\u00a0 Les pots, version animaux&#8230; &nbsp;<\/p>\n","protected":false},"author":1,"featured_media":0,"parent":0,"menu_order":5,"comment_status":"open","ping_status":"open","template":"","meta":{"footnotes":""},"class_list":["post-138","page","type-page","status-publish","hentry"],"_links":{"self":[{"href":"https:\/\/poterie.trompesouris.fr\/index.php?rest_route=\/wp\/v2\/pages\/138","targetHints":{"allow":["GET"]}}],"collection":[{"href":"https:\/\/poterie.trompesouris.fr\/index.php?rest_route=\/wp\/v2\/pages"}],"about":[{"href":"https:\/\/poterie.trompesouris.fr\/index.php?rest_route=\/wp\/v2\/types\/page"}],"author":[{"embeddable":true,"href":"https:\/\/poterie.trompesouris.fr\/index.php?rest_route=\/wp\/v2\/users\/1"}],"replies":[{"embeddable":true,"href":"https:\/\/poterie.trompesouris.fr\/index.php?rest_route=%2Fwp%2Fv2%2Fcomments&post=138"}],"version-history":[{"count":48,"href":"https:\/\/poterie.trompesouris.fr\/index.php?rest_route=\/wp\/v2\/pages\/138\/revisions"}],"predecessor-version":[{"id":1319,"href":"https:\/\/poterie.trompesouris.fr\/index.php?rest_route=\/wp\/v2\/pages\/138\/revisions\/1319"}],"wp:attachment":[{"href":"https:\/\/poterie.trompesouris.fr\/index.php?rest_route=%2Fwp%2Fv2%2Fmedia&parent=138"}],"curies":[{"name":"wp","href":"https:\/\/api.w.org\/{rel}","templated":true}]}}