{"id":140,"date":"2014-02-10T16:59:51","date_gmt":"2014-02-10T15:59:51","guid":{"rendered":"http:\/\/poterie.trompesouris.fr\/?page_id=140"},"modified":"2023-08-18T10:57:55","modified_gmt":"2023-08-18T09:57:55","slug":"latelier-2","status":"publish","type":"page","link":"https:\/\/poterie.trompesouris.fr\/?page_id=140","title":{"rendered":"L&rsquo;atelier"},"content":{"rendered":"<p>J&rsquo;utilise principalement une terre locale : le gr\u00e8s de Noron-la-Poterie. Cette terre est riche en oxyde de fer. La temp\u00e9rature de la cuisson de gla\u00e7ures\u00a0se situe\u00a0entre 1170\u00b0 et 1200\u00b0. Les cuissons se font en four \u00e0 gaz. Les pi\u00e8ces sont quelquefois engob\u00e9es, les \u00e9maux &#8211; dont certains sont \u00e0 base de cendres de v\u00e9g\u00e9taux &#8211; \u00a0vont des blancs, bleu-gris aux ocres-bruns&#8230;<\/p>\n<p>Quelques pi\u00e8ces culinaires sont faites en fa\u00efence et j&rsquo;utilise le gr\u00e8s de Saint-Amand (cuisson \u00e0 1280\u00b0) pour certaines pi\u00e8ces.<\/p>\n<div id=\"metaslider-id-1087\" style=\"max-width: 655px;\" class=\"ml-slider-3-108-0 metaslider metaslider-nivo metaslider-1087 ml-slider has-dots-nav ms-theme-default\" role=\"region\" aria-label=\"l&#039;atelier\" data-height=\"787\" data-width=\"655\">\n    <div id=\"metaslider_container_1087\">\n        <div class='slider-wrapper theme-default'><div class='ribbon'><\/div><div id='metaslider_1087' class='nivoSlider'><img loading=\"lazy\" decoding=\"async\" src=\"https:\/\/poterie.trompesouris.fr\/wp-content\/uploads\/2015\/01\/temp\u00e9rature-655x787.jpeg\" height=\"787\" width=\"655\" title=\"temp\u00e9rature\" alt=\"\" class=\"slider-1087 slide-1088 msDefaultImage\" \/><img loading=\"lazy\" decoding=\"async\" src=\"https:\/\/poterie.trompesouris.fr\/wp-content\/uploads\/2015\/01\/r\u00e9glage-gaz-655x787.jpeg\" height=\"787\" width=\"655\" title=\"r\u00e9glage gaz\" alt=\"\" class=\"slider-1087 slide-1089 msDefaultImage\" \/><img loading=\"lazy\" decoding=\"async\" src=\"https:\/\/poterie.trompesouris.fr\/wp-content\/uploads\/2015\/01\/outils-655x787.jpg\" height=\"787\" width=\"655\" title=\"outils\" alt=\"\" class=\"slider-1087 slide-1090 msDefaultImage\" \/><img loading=\"lazy\" decoding=\"async\" src=\"https:\/\/poterie.trompesouris.fr\/wp-content\/uploads\/2015\/01\/oeilleton-four-655x787.jpg\" height=\"787\" width=\"655\" title=\"oeilleton four\" alt=\"\" class=\"slider-1087 slide-1091 msDefaultImage\" \/><img loading=\"lazy\" decoding=\"async\" src=\"https:\/\/poterie.trompesouris.fr\/wp-content\/uploads\/2015\/01\/oeilleton-four-2-655x787.jpg\" height=\"787\" width=\"655\" title=\"oeilleton four 2\" alt=\"\" class=\"slider-1087 slide-1092 msDefaultImage\" \/><img loading=\"lazy\" decoding=\"async\" src=\"https:\/\/poterie.trompesouris.fr\/wp-content\/uploads\/2015\/01\/le-tour-655x787.jpg\" height=\"787\" width=\"655\" title=\"le tour\" alt=\"\" class=\"slider-1087 slide-1093 msDefaultImage\" \/><img loading=\"lazy\" decoding=\"async\" src=\"https:\/\/poterie.trompesouris.fr\/wp-content\/uploads\/2015\/01\/la-balance-655x787.jpg\" height=\"787\" width=\"655\" title=\"la balance\" alt=\"\" class=\"slider-1087 slide-1094 msDefaultImage\" \/><img loading=\"lazy\" decoding=\"async\" src=\"https:\/\/poterie.trompesouris.fr\/wp-content\/uploads\/2015\/01\/essais-655x787.jpg\" height=\"787\" width=\"655\" title=\"essais\" alt=\"\" class=\"slider-1087 slide-1095 msDefaultImage\" \/><img loading=\"lazy\" decoding=\"async\" src=\"https:\/\/poterie.trompesouris.fr\/wp-content\/uploads\/2015\/01\/tourneur-2-copie-655x787.jpg\" height=\"787\" width=\"655\" title=\"Tournage\" alt=\"\" class=\"slider-1087 slide-1096 msDefaultImage\" \/><img loading=\"lazy\" decoding=\"async\" src=\"https:\/\/poterie.trompesouris.fr\/wp-content\/uploads\/2015\/01\/IMG_1775-copie-655x787.jpg\" height=\"787\" width=\"655\" title=\"Emaillage &quot;\u00e0 la louche&quot;\" alt=\"\" class=\"slider-1087 slide-1097 msDefaultImage\" \/><img loading=\"lazy\" decoding=\"async\" src=\"https:\/\/poterie.trompesouris.fr\/wp-content\/uploads\/2015\/01\/IMG_1773-copie-655x787.jpg\" height=\"787\" width=\"655\" title=\"IMG_1773 - copie\" alt=\"\" class=\"slider-1087 slide-1098 msDefaultImage\" \/><img loading=\"lazy\" decoding=\"async\" src=\"https:\/\/poterie.trompesouris.fr\/wp-content\/uploads\/2015\/01\/IMG_1761-copie-655x787.jpg\" height=\"787\" width=\"655\" title=\"Tournassage\" alt=\"\" class=\"slider-1087 slide-1099 msDefaultImage\" \/><img loading=\"lazy\" decoding=\"async\" src=\"https:\/\/poterie.trompesouris.fr\/wp-content\/uploads\/2015\/01\/a.pots-atelier-655x787.jpg\" height=\"787\" width=\"655\" title=\"S\u00e9chage\" alt=\"\" class=\"slider-1087 slide-1100 msDefaultImage\" \/><img loading=\"lazy\" decoding=\"async\" src=\"https:\/\/poterie.trompesouris.fr\/wp-content\/uploads\/2015\/01\/a.four-atelier-655x787.jpg\" height=\"787\" width=\"655\" title=\"Le four\" alt=\"\" class=\"slider-1087 slide-1101 msDefaultImage\" \/><img loading=\"lazy\" decoding=\"async\" src=\"https:\/\/poterie.trompesouris.fr\/wp-content\/uploads\/2015\/01\/a.atelier-2-655x787.jpg\" height=\"787\" width=\"655\" title=\"La terre de Noron\" alt=\"\" class=\"slider-1087 slide-1102 msDefaultImage\" \/><img loading=\"lazy\" decoding=\"async\" src=\"https:\/\/poterie.trompesouris.fr\/wp-content\/uploads\/2015\/01\/a.atelier-1-655x787.jpg\" height=\"787\" width=\"655\" title=\"Le tour\" alt=\"\" class=\"slider-1087 slide-1103 msDefaultImage\" \/><img loading=\"lazy\" decoding=\"async\" src=\"https:\/\/poterie.trompesouris.fr\/wp-content\/uploads\/2013\/12\/HPIM2847-655x787.jpg\" height=\"787\" width=\"655\" title=\"HPIM2847\" alt=\"\" class=\"slider-1087 slide-1104 msDefaultImage\" \/><img loading=\"lazy\" decoding=\"async\" src=\"https:\/\/poterie.trompesouris.fr\/wp-content\/uploads\/2013\/12\/DSCF3185-655x787.jpg\" height=\"787\" width=\"655\" title=\"DSCF3185\" alt=\"\" class=\"slider-1087 slide-1105 msDefaultImage\" \/><img loading=\"lazy\" decoding=\"async\" src=\"https:\/\/poterie.trompesouris.fr\/wp-content\/uploads\/2013\/12\/IMG_9584-655x787.jpg\" height=\"787\" width=\"655\" title=\"IMG_9584\" alt=\"\" class=\"slider-1087 slide-1106 msDefaultImage\" \/><img loading=\"lazy\" decoding=\"async\" src=\"https:\/\/poterie.trompesouris.fr\/wp-content\/uploads\/2023\/08\/IMG_2927-471x567.jpg\" height=\"787\" width=\"655\" title=\"IMG_2927\" alt=\"\" class=\"slider-1087 slide-1307 msDefaultImage\" \/><img loading=\"lazy\" decoding=\"async\" src=\"https:\/\/poterie.trompesouris.fr\/wp-content\/uploads\/2023\/08\/IMG_2928-655x787.jpg\" height=\"787\" width=\"655\" title=\"IMG_2928\" alt=\"\" class=\"slider-1087 slide-1308 msDefaultImage\" \/><\/div><\/div>\n        \n    <\/div>\n<\/div>\n<p>&nbsp;<\/p>\n<p>&nbsp;<\/p>\n<p>&nbsp;<\/p>\n<div style=\"text-align: center;\">\n<div style=\"margin: 4px 0px 8px;\"><a href=\"http:\/\/www.calameo.com\/\">\u00a0<\/a><\/div>\n<\/div>\n","protected":false},"excerpt":{"rendered":"<p>J&rsquo;utilise principalement une terre locale : le gr\u00e8s de Noron-la-Poterie. Cette terre est riche en oxyde de fer. La temp\u00e9rature de la cuisson de gla\u00e7ures\u00a0se situe\u00a0entre 1170\u00b0 et 1200\u00b0. Les cuissons se font en four \u00e0 gaz. Les pi\u00e8ces sont quelquefois engob\u00e9es, les \u00e9maux &#8211; dont certains sont \u00e0 base de cendres de v\u00e9g\u00e9taux &#8211; \u00a0vont des blancs, bleu-gris aux ocres-bruns&#8230; Quelques pi\u00e8ces culinaires sont faites en fa\u00efence et j&rsquo;utilise le gr\u00e8s de Saint-Amand (cuisson \u00e0 1280\u00b0) pour certaines pi\u00e8ces.<\/p>\n","protected":false},"author":1,"featured_media":0,"parent":0,"menu_order":4,"comment_status":"open","ping_status":"open","template":"","meta":{"footnotes":""},"class_list":["post-140","page","type-page","status-publish","hentry"],"_links":{"self":[{"href":"https:\/\/poterie.trompesouris.fr\/index.php?rest_route=\/wp\/v2\/pages\/140","targetHints":{"allow":["GET"]}}],"collection":[{"href":"https:\/\/poterie.trompesouris.fr\/index.php?rest_route=\/wp\/v2\/pages"}],"about":[{"href":"https:\/\/poterie.trompesouris.fr\/index.php?rest_route=\/wp\/v2\/types\/page"}],"author":[{"embeddable":true,"href":"https:\/\/poterie.trompesouris.fr\/index.php?rest_route=\/wp\/v2\/users\/1"}],"replies":[{"embeddable":true,"href":"https:\/\/poterie.trompesouris.fr\/index.php?rest_route=%2Fwp%2Fv2%2Fcomments&post=140"}],"version-history":[{"count":16,"href":"https:\/\/poterie.trompesouris.fr\/index.php?rest_route=\/wp\/v2\/pages\/140\/revisions"}],"predecessor-version":[{"id":1107,"href":"https:\/\/poterie.trompesouris.fr\/index.php?rest_route=\/wp\/v2\/pages\/140\/revisions\/1107"}],"wp:attachment":[{"href":"https:\/\/poterie.trompesouris.fr\/index.php?rest_route=%2Fwp%2Fv2%2Fmedia&parent=140"}],"curies":[{"name":"wp","href":"https:\/\/api.w.org\/{rel}","templated":true}]}}