{"id":144,"date":"2014-02-10T17:01:07","date_gmt":"2014-02-10T16:01:07","guid":{"rendered":"http:\/\/poterie.trompesouris.fr\/?page_id=144"},"modified":"2025-02-04T18:12:39","modified_gmt":"2025-02-04T17:12:39","slug":"accueil","status":"publish","type":"page","link":"https:\/\/poterie.trompesouris.fr\/","title":{"rendered":"Accueil"},"content":{"rendered":"<p>G\u00e9rard Meunier vous accueille \u00e0 la poterie Trompe-Souris.<br \/>\nIl est pr\u00e9f\u00e9rable de prendre rendez-vous.<\/p>\n<p>T\u00e9l : 02 31 25 05 48 &#8211; mail : trompe-souris14@sfr.fr<\/p>\n<div id=\"metaslider-id-1060\" style=\"max-width: 655px;\" class=\"ml-slider-3-108-0 metaslider metaslider-nivo metaslider-1060 ml-slider has-dots-nav ms-theme-default\" role=\"region\" aria-label=\"accueil\" data-height=\"787\" data-width=\"655\">\n    <div id=\"metaslider_container_1060\">\n        <div class='slider-wrapper theme-default'><div class='ribbon'><\/div><div id='metaslider_1060' class='nivoSlider'><img loading=\"lazy\" decoding=\"async\" src=\"https:\/\/poterie.trompesouris.fr\/wp-content\/uploads\/2015\/01\/dans-latelier-655x787.jpg\" height=\"787\" width=\"655\" title=\"dans l&#039;atelier\" alt=\"\" class=\"slider-1060 slide-1061 msDefaultImage\" \/><img loading=\"lazy\" decoding=\"async\" src=\"https:\/\/poterie.trompesouris.fr\/wp-content\/uploads\/2015\/01\/dans-latelier-2-655x787.jpg\" height=\"787\" width=\"655\" title=\"dans l&#039;atelier 2\" alt=\"\" class=\"slider-1060 slide-1062 msDefaultImage\" \/><\/div><\/div>\n        \n    <\/div>\n<\/div>\n<p>Apr\u00e8s un apprentissage de tourneur quelques ann\u00e9es \u00e0 Noron-la-Poterie (14), je me suis install\u00e9 en Seine-et-Marne, en partageant un atelier avec Pierre Poma, un autre c\u00e9ramiste. Fabrication de fa\u00efence tourn\u00e9e, vaisselle, pieds de lampes&#8230;<\/p>\n<p>&#8230; \u00ab\u00a0petite pause\u00a0\u00bb de 20 ans dans d&rsquo;autres m\u00e9tiers et nouvelle installation comme potier \u00e0 Montamy (14) entre Vire et Villers-Bocage en 2005.<\/p>\n<p>L&rsquo;ancien b\u00e2timent de ferme devient l&rsquo;atelier \u00ab\u00a0Trompe-Souris\u00a0\u00bb.<\/p>\n<p>Les pi\u00e8ces sont principalement fa\u00e7onn\u00e9es au tour, formes simples inspir\u00e9es des poteries utilitaires traditionnelles. Quelques formes model\u00e9es &#8211; des \u00ab\u00a0bestiaux\u00a0\u00bb vari\u00e9s \u2013 viennent s&rsquo;inviter de temps \u00e0 autre\u00a0: un clin d&rsquo;oeil vers la poterie dite populaire&#8230;<\/p>\n<p>L&rsquo;activit\u00e9 \u00e9tant solitaire \u00e0 l&rsquo;atelier, je trouve stimulant, \u00e0 l&rsquo;occasion, de partager avec d&rsquo;autres c\u00e9ramistes ami(e)s, une expo, un projet collectif.<br \/>\nProjets \u00ab\u00a0terre\u00a0\u00bb en milieu scolaire\u00a0: J&rsquo;interviens dans les \u00e9coles ou \u00e0 l&rsquo;atelier, sur diff\u00e9rents projets, principalement des projets d&rsquo;oeuvres collectives, sculptures, fresques, etc&#8230;.<br \/>\n\u00c9galement un partenariat l&rsquo;\u00e9t\u00e9 avec l&rsquo;association \u00ab\u00a0Le Pas d&rsquo;\u00e2ne \u2013 Chantiers en cour\u00a0\u00bb pour des mini-camps \u00e2nes et poterie.<\/p>\n<p>&nbsp;<\/p>\n<p>Un reportage de FR3 fin mars 2021 :<\/p>\n<p><a href=\"https:\/\/france3-regions.francetvinfo.fr\/normandie\/calvados\/vire\/sortir-pres-de-chez-soi-visite-de-l-atelier-de-gerard-meunier-potier-ceramiste-a-montamy-dans-le-calvados-2032987.html\">https:\/\/france3-regions.francetvinfo.fr\/normandie\/calvados\/vire\/sortir-pres-de-chez-soi-visite-de-l-atelier-de-gerard-meunier-potier-ceramiste-a-montamy-dans-le-calvados-2032987.html<\/a><\/p>\n<p>&nbsp;<\/p>\n<p>Et depuis l&rsquo;\u00e9t\u00e9 2021, une nouvelle salle d&rsquo;expo, plus spacieuse !<\/p>\n<div id=\"metaslider-id-1066\" style=\"max-width: 500px;\" class=\"ml-slider-3-108-0 metaslider metaslider-nivo metaslider-1066 ml-slider has-dots-nav ms-theme-default\" role=\"region\" aria-label=\"salle d&#039;expo\" data-height=\"700\" data-width=\"500\">\n    <div id=\"metaslider_container_1066\">\n        <div class='slider-wrapper theme-default'><div class='ribbon'><\/div><div id='metaslider_1066' class='nivoSlider'><img loading=\"lazy\" decoding=\"async\" src=\"https:\/\/poterie.trompesouris.fr\/wp-content\/uploads\/2021\/08\/boutique-3-393x551.jpg\" height=\"700\" width=\"500\" title=\"boutique 3\" alt=\"\" class=\"slider-1066 slide-1067 msDefaultImage\" \/><img loading=\"lazy\" decoding=\"async\" src=\"https:\/\/poterie.trompesouris.fr\/wp-content\/uploads\/2021\/08\/boutique-2-396x555.jpg\" height=\"700\" width=\"500\" title=\"boutique 2\" alt=\"\" class=\"slider-1066 slide-1068 msDefaultImage\" \/><img loading=\"lazy\" decoding=\"async\" src=\"https:\/\/poterie.trompesouris.fr\/wp-content\/uploads\/2021\/08\/boutique-1-396x555.jpg\" height=\"700\" width=\"500\" title=\"boutique 1\" alt=\"\" class=\"slider-1066 slide-1069 msDefaultImage\" \/><img loading=\"lazy\" decoding=\"async\" src=\"https:\/\/poterie.trompesouris.fr\/wp-content\/uploads\/2021\/08\/bout-5-396x555.jpg\" height=\"700\" width=\"500\" title=\"bout 5\" alt=\"\" class=\"slider-1066 slide-1070 msDefaultImage\" \/><img loading=\"lazy\" decoding=\"async\" src=\"https:\/\/poterie.trompesouris.fr\/wp-content\/uploads\/2021\/08\/bout-4-396x555.jpg\" height=\"700\" width=\"500\" title=\"bout 4\" alt=\"\" class=\"slider-1066 slide-1071 msDefaultImage\" \/><\/div><\/div>\n        \n    <\/div>\n<\/div>\n","protected":false},"excerpt":{"rendered":"<p>G\u00e9rard Meunier vous accueille \u00e0 la poterie Trompe-Souris. Il est pr\u00e9f\u00e9rable de prendre rendez-vous. T\u00e9l : 02 31 25 05 48 &#8211; mail : trompe-souris14@sfr.fr Apr\u00e8s un apprentissage de tourneur quelques ann\u00e9es \u00e0 Noron-la-Poterie (14), je me suis install\u00e9 en Seine-et-Marne, en partageant un atelier avec Pierre Poma, un autre c\u00e9ramiste. Fabrication de fa\u00efence tourn\u00e9e, vaisselle, pieds de lampes&#8230; &#8230; \u00ab\u00a0petite pause\u00a0\u00bb de 20 ans dans d&rsquo;autres m\u00e9tiers et nouvelle installation comme potier \u00e0 Montamy (14) entre Vire et Villers-Bocage<\/p>\n","protected":false},"author":1,"featured_media":0,"parent":0,"menu_order":1,"comment_status":"open","ping_status":"open","template":"","meta":{"footnotes":""},"class_list":["post-144","page","type-page","status-publish","hentry"],"_links":{"self":[{"href":"https:\/\/poterie.trompesouris.fr\/index.php?rest_route=\/wp\/v2\/pages\/144","targetHints":{"allow":["GET"]}}],"collection":[{"href":"https:\/\/poterie.trompesouris.fr\/index.php?rest_route=\/wp\/v2\/pages"}],"about":[{"href":"https:\/\/poterie.trompesouris.fr\/index.php?rest_route=\/wp\/v2\/types\/page"}],"author":[{"embeddable":true,"href":"https:\/\/poterie.trompesouris.fr\/index.php?rest_route=\/wp\/v2\/users\/1"}],"replies":[{"embeddable":true,"href":"https:\/\/poterie.trompesouris.fr\/index.php?rest_route=%2Fwp%2Fv2%2Fcomments&post=144"}],"version-history":[{"count":29,"href":"https:\/\/poterie.trompesouris.fr\/index.php?rest_route=\/wp\/v2\/pages\/144\/revisions"}],"predecessor-version":[{"id":1358,"href":"https:\/\/poterie.trompesouris.fr\/index.php?rest_route=\/wp\/v2\/pages\/144\/revisions\/1358"}],"wp:attachment":[{"href":"https:\/\/poterie.trompesouris.fr\/index.php?rest_route=%2Fwp%2Fv2%2Fmedia&parent=144"}],"curies":[{"name":"wp","href":"https:\/\/api.w.org\/{rel}","templated":true}]}}