{"id":317,"date":"2015-01-09T13:41:51","date_gmt":"2015-01-09T12:41:51","guid":{"rendered":"http:\/\/poterie.trompesouris.fr\/?page_id=317"},"modified":"2022-01-06T20:09:15","modified_gmt":"2022-01-06T19:09:15","slug":"les-ateliers-periscolaires","status":"publish","type":"page","link":"https:\/\/poterie.trompesouris.fr\/?page_id=317","title":{"rendered":"Les ateliers p\u00e9riscolaires"},"content":{"rendered":"<p>Entre 2014 et 2018 avec la mise en place des activit\u00e9s p\u00e9riscolaires, proposition d&rsquo;ateliers poterie dans plusieurs \u00e9coles.<\/p>\n<div id=\"metaslider-id-1210\" style=\"max-width: 787px;\" class=\"ml-slider-3-108-0 metaslider metaslider-nivo metaslider-1210 ml-slider has-dots-nav ms-theme-default\" role=\"region\" aria-label=\"p\u00e9riscolaire\" data-height=\"655\" data-width=\"787\">\n    <div id=\"metaslider_container_1210\">\n        <div class='slider-wrapper theme-default'><div class='ribbon'><\/div><div id='metaslider_1210' class='nivoSlider'><img loading=\"lazy\" decoding=\"async\" src=\"https:\/\/poterie.trompesouris.fr\/wp-content\/uploads\/2016\/03\/mobile-b\u00e9ny-473x394.jpg\" height=\"655\" width=\"787\" title=\"mobile b\u00e9ny\" alt=\"\" class=\"slider-1210 slide-1211 msDefaultImage\" \/><img loading=\"lazy\" decoding=\"async\" src=\"https:\/\/poterie.trompesouris.fr\/wp-content\/uploads\/2015\/10\/pas-d\u00e2ne-1-787x655.jpeg\" height=\"655\" width=\"787\" title=\"pas d&#039;\u00e2ne 1\" alt=\"\" class=\"slider-1210 slide-1212 msDefaultImage\" \/><img loading=\"lazy\" decoding=\"async\" src=\"https:\/\/poterie.trompesouris.fr\/wp-content\/uploads\/2015\/10\/\u00e9cole-Mtchauvet1-787x655.jpeg\" height=\"655\" width=\"787\" title=\"\u00e9cole Mtchauvet\" alt=\"\" class=\"slider-1210 slide-1213 msDefaultImage\" \/><img loading=\"lazy\" decoding=\"async\" src=\"https:\/\/poterie.trompesouris.fr\/wp-content\/uploads\/2015\/01\/IMG_0756-787x655.jpg\" height=\"655\" width=\"787\" title=\"IMG_0756\" alt=\"\" class=\"slider-1210 slide-1214 msDefaultImage\" \/><img loading=\"lazy\" decoding=\"async\" src=\"https:\/\/poterie.trompesouris.fr\/wp-content\/uploads\/2015\/01\/sur-le-mur-de-la-cr\u00e8che-787x655.jpeg\" height=\"655\" width=\"787\" title=\"sur le mur de la cr\u00e8che\" alt=\"\" class=\"slider-1210 slide-1215 msDefaultImage\" \/><img loading=\"lazy\" decoding=\"async\" src=\"https:\/\/poterie.trompesouris.fr\/wp-content\/uploads\/2015\/01\/IMG_09801-660x549.jpg\" height=\"655\" width=\"787\" title=\"IMG_0980\" alt=\"\" class=\"slider-1210 slide-1216 msDefaultImage\" \/><img loading=\"lazy\" decoding=\"async\" src=\"https:\/\/poterie.trompesouris.fr\/wp-content\/uploads\/2015\/01\/IMG_0981-594x494.jpg\" height=\"655\" width=\"787\" title=\"IMG_0981\" alt=\"\" class=\"slider-1210 slide-1217 msDefaultImage\" \/><img loading=\"lazy\" decoding=\"async\" src=\"https:\/\/poterie.trompesouris.fr\/wp-content\/uploads\/2015\/01\/IMG_0982-571x475.jpg\" height=\"655\" width=\"787\" title=\"IMG_0982\" alt=\"\" class=\"slider-1210 slide-1218 msDefaultImage\" \/><img loading=\"lazy\" decoding=\"async\" src=\"https:\/\/poterie.trompesouris.fr\/wp-content\/uploads\/2015\/10\/IMG_6602-copie-473x394.jpg\" height=\"655\" width=\"787\" title=\"IMG_6602 - copie\" alt=\"\" class=\"slider-1210 slide-1220 msDefaultImage\" \/><\/div><\/div>\n        \n    <\/div>\n<\/div>\n<p>&nbsp;<\/p>\n","protected":false},"excerpt":{"rendered":"<p>Entre 2014 et 2018 avec la mise en place des activit\u00e9s p\u00e9riscolaires, proposition d&rsquo;ateliers poterie dans plusieurs \u00e9coles. &nbsp;<\/p>\n","protected":false},"author":1,"featured_media":0,"parent":133,"menu_order":1,"comment_status":"closed","ping_status":"closed","template":"","meta":{"footnotes":""},"class_list":["post-317","page","type-page","status-publish","hentry"],"_links":{"self":[{"href":"https:\/\/poterie.trompesouris.fr\/index.php?rest_route=\/wp\/v2\/pages\/317","targetHints":{"allow":["GET"]}}],"collection":[{"href":"https:\/\/poterie.trompesouris.fr\/index.php?rest_route=\/wp\/v2\/pages"}],"about":[{"href":"https:\/\/poterie.trompesouris.fr\/index.php?rest_route=\/wp\/v2\/types\/page"}],"author":[{"embeddable":true,"href":"https:\/\/poterie.trompesouris.fr\/index.php?rest_route=\/wp\/v2\/users\/1"}],"replies":[{"embeddable":true,"href":"https:\/\/poterie.trompesouris.fr\/index.php?rest_route=%2Fwp%2Fv2%2Fcomments&post=317"}],"version-history":[{"count":10,"href":"https:\/\/poterie.trompesouris.fr\/index.php?rest_route=\/wp\/v2\/pages\/317\/revisions"}],"predecessor-version":[{"id":1219,"href":"https:\/\/poterie.trompesouris.fr\/index.php?rest_route=\/wp\/v2\/pages\/317\/revisions\/1219"}],"up":[{"embeddable":true,"href":"https:\/\/poterie.trompesouris.fr\/index.php?rest_route=\/wp\/v2\/pages\/133"}],"wp:attachment":[{"href":"https:\/\/poterie.trompesouris.fr\/index.php?rest_route=%2Fwp%2Fv2%2Fmedia&parent=317"}],"curies":[{"name":"wp","href":"https:\/\/api.w.org\/{rel}","templated":true}]}}