{"id":417,"date":"2015-10-21T14:28:08","date_gmt":"2015-10-21T13:28:08","guid":{"rendered":"http:\/\/poterie.trompesouris.fr\/?page_id=417"},"modified":"2022-01-06T13:55:52","modified_gmt":"2022-01-06T12:55:52","slug":"projets-partages","status":"publish","type":"page","link":"https:\/\/poterie.trompesouris.fr\/?page_id=417","title":{"rendered":"Projets partag\u00e9s"},"content":{"rendered":"<p>Depuis octobre 2015 : projet d&rsquo;assiettes d\u00e9cor\u00e9es avec l&rsquo;artiste-peintre<br \/>\nMarion ALEXANDRE.<br \/>\nGravure et d\u00e9cors aux engobes (terres color\u00e9es) d&rsquo;assiettes, de plats, de coupes<br \/>\nde pichets, de carreaux.<\/p>\n<p>Et depuis l&rsquo;aventure partag\u00e9e continue. Gravure sur coupes, plats, pichets&#8230; Chaque pi\u00e8ce est unique.<\/p>\n<div id=\"metaslider-id-333\" style=\"max-width: 787px;\" class=\"ml-slider-3-108-0 metaslider metaslider-nivo metaslider-333 ml-slider has-dots-nav ms-theme-default\" role=\"region\" aria-label=\"plats marion 1\" data-height=\"655\" data-width=\"787\">\n    <div id=\"metaslider_container_333\">\n        <div class='slider-wrapper theme-default'><div class='ribbon'><\/div><div id='metaslider_333' class='nivoSlider'><img loading=\"lazy\" decoding=\"async\" src=\"https:\/\/poterie.trompesouris.fr\/wp-content\/uploads\/2020\/03\/IMG_20200307_123743_690-787x655.jpg\" height=\"655\" width=\"787\" title=\"IMG_20200307_123743_690\" alt=\"\" class=\"slider-333 slide-1180 msDefaultImage\" \/><img loading=\"lazy\" decoding=\"async\" src=\"https:\/\/poterie.trompesouris.fr\/wp-content\/uploads\/2017\/08\/pichet-libellule-cuit-779x648.jpg\" height=\"655\" width=\"787\" title=\"pichet libellule cuit\" alt=\"\" class=\"slider-333 slide-1184 msDefaultImage\" \/><img loading=\"lazy\" decoding=\"async\" src=\"https:\/\/poterie.trompesouris.fr\/wp-content\/uploads\/2017\/08\/plat-crapaud-cuit-776x645.jpg\" height=\"655\" width=\"787\" title=\"plat crapaud cuit\" alt=\"\" class=\"slider-333 slide-1185 msDefaultImage\" \/><img loading=\"lazy\" decoding=\"async\" src=\"https:\/\/poterie.trompesouris.fr\/wp-content\/uploads\/2022\/01\/coupe-1-787x655.jpg\" height=\"655\" width=\"787\" title=\"coupe 1\" alt=\"\" class=\"slider-333 slide-1191 msDefaultImage\" \/><img loading=\"lazy\" decoding=\"async\" src=\"https:\/\/poterie.trompesouris.fr\/wp-content\/uploads\/2022\/01\/mai-20-coupe-moyenne-1-784x652.jpg\" height=\"655\" width=\"787\" title=\"mai 20 coupe moyenne 1\" alt=\"\" class=\"slider-333 slide-1192 msDefaultImage\" \/><img loading=\"lazy\" decoding=\"async\" src=\"https:\/\/poterie.trompesouris.fr\/wp-content\/uploads\/2022\/01\/grande-coupe-escargot-maisons-787x655.jpg\" height=\"655\" width=\"787\" title=\"grande coupe escargot-maisons\" alt=\"\" class=\"slider-333 slide-1193 msDefaultImage\" \/><img loading=\"lazy\" decoding=\"async\" src=\"https:\/\/poterie.trompesouris.fr\/wp-content\/uploads\/2022\/01\/coupe-renard-787x655.jpg\" height=\"655\" width=\"787\" title=\"coupe renard\" alt=\"\" class=\"slider-333 slide-1195 msDefaultImage\" \/><\/div><\/div>\n        \n    <\/div>\n<\/div>\n<p>&nbsp;<\/p>\n<p>&nbsp;<\/p>\n","protected":false},"excerpt":{"rendered":"<p>Depuis octobre 2015 : projet d&rsquo;assiettes d\u00e9cor\u00e9es avec l&rsquo;artiste-peintre Marion ALEXANDRE. Gravure et d\u00e9cors aux engobes (terres color\u00e9es) d&rsquo;assiettes, de plats, de coupes de pichets, de carreaux. Et depuis l&rsquo;aventure partag\u00e9e continue. Gravure sur coupes, plats, pichets&#8230; Chaque pi\u00e8ce est unique. &nbsp; &nbsp;<\/p>\n","protected":false},"author":1,"featured_media":0,"parent":0,"menu_order":7,"comment_status":"closed","ping_status":"closed","template":"","meta":{"footnotes":""},"class_list":["post-417","page","type-page","status-publish","hentry"],"_links":{"self":[{"href":"https:\/\/poterie.trompesouris.fr\/index.php?rest_route=\/wp\/v2\/pages\/417","targetHints":{"allow":["GET"]}}],"collection":[{"href":"https:\/\/poterie.trompesouris.fr\/index.php?rest_route=\/wp\/v2\/pages"}],"about":[{"href":"https:\/\/poterie.trompesouris.fr\/index.php?rest_route=\/wp\/v2\/types\/page"}],"author":[{"embeddable":true,"href":"https:\/\/poterie.trompesouris.fr\/index.php?rest_route=\/wp\/v2\/users\/1"}],"replies":[{"embeddable":true,"href":"https:\/\/poterie.trompesouris.fr\/index.php?rest_route=%2Fwp%2Fv2%2Fcomments&post=417"}],"version-history":[{"count":18,"href":"https:\/\/poterie.trompesouris.fr\/index.php?rest_route=\/wp\/v2\/pages\/417\/revisions"}],"predecessor-version":[{"id":1187,"href":"https:\/\/poterie.trompesouris.fr\/index.php?rest_route=\/wp\/v2\/pages\/417\/revisions\/1187"}],"wp:attachment":[{"href":"https:\/\/poterie.trompesouris.fr\/index.php?rest_route=%2Fwp%2Fv2%2Fmedia&parent=417"}],"curies":[{"name":"wp","href":"https:\/\/api.w.org\/{rel}","templated":true}]}}